{"id":1009,"date":"2024-03-01T02:38:41","date_gmt":"2024-02-29T23:38:41","guid":{"rendered":"https:\/\/www.omerbayrak.com\/contact\/"},"modified":"2024-11-13T14:36:37","modified_gmt":"2024-11-13T11:36:37","slug":"contact","status":"publish","type":"page","link":"https:\/\/www.omerbayrak.com\/en\/contact\/","title":{"rendered":"Contact"},"content":{"rendered":"<section class=\"l-section wpb_row height_small\"><div class=\"l-section-h i-cf\"><div class=\"g-cols vc_row via_grid cols_1 laptops-cols_inherit tablets-cols_inherit mobiles-cols_1 valign_top type_default stacking_default\"><div class=\"wpb_column vc_column_container\"><div class=\"vc_column-inner\"><div class=\"g-cols wpb_row via_grid cols_1 laptops-cols_inherit tablets-cols_inherit mobiles-cols_1 valign_top type_default stacking_default\" style=\"--columns-gap:3rem;\"><div class=\"wpb_column vc_column_container us_custom_01366a39 has_bg_color\"><div class=\"vc_column-overlay\" style=\"background:rgba(0,31,53,0.65)\"><\/div><div class=\"vc_column-inner\"><h1 class=\"w-text us_custom_1a9309be has_text_color us_animate_this\"><span class=\"w-text-h\"><span class=\"w-text-value\">Contact Now<\/span><\/span><\/h1><p class=\"w-text us_custom_0ef2ee5d has_text_color us_animate_this\"><span class=\"w-text-h\"><span class=\"w-text-value\">We are here with our team to help you.<\/span><\/span><\/p><\/div><\/div><\/div><\/div><\/div><\/div><\/div><\/section><section class=\"l-section wpb_row us_custom_c70c97eb height_medium with_shape\"><div class=\"l-section-shape type_custom pos_bottom\" style=\"height:25vmin;\"><svg xmlns=\"http:\/\/www.w3.org\/2000\/svg\" viewBox=\"0 0 64 8\" preserveAspectRatio=\"none\" width=\"100%\" height=\"100%\">\r\n\t<path fill=\"currentColor\" d=\"M64 8 L0 8 L0 0 L64 0 Z\"\/>\r\n<\/svg><\/div><div class=\"l-section-h i-cf\"><div class=\"g-cols vc_row via_grid cols_1 laptops-cols_inherit tablets-cols_inherit mobiles-cols_1 valign_top type_default stacking_default\"><div class=\"wpb_column vc_column_container\"><div class=\"vc_column-inner\"><div class=\"wpb_text_column us_custom_60e9caca us_animate_this\"><div class=\"wpb_wrapper\"><h2 style=\"text-align: center;\">How to Communicate Quickly<\/h2>\n<p style=\"text-align: center;\">You can write or call us to get in touch with our team of experts.<\/p>\n<\/div><\/div><div class=\"w-separator size_medium\"><\/div><div class=\"g-cols wpb_row via_grid cols_2 laptops-cols_inherit tablets-cols_inherit mobiles-cols_1 valign_top type_default stacking_default\" style=\"--columns-gap:3rem;\"><div class=\"wpb_column vc_column_container us_custom_153cb857 us_animate_this has_bg_color\"><div class=\"vc_column-inner\"><div class=\"w-iconbox iconpos_left style_default color_primary align_left\"><div class=\"w-iconbox-icon\" style=\"font-size:2rem;\"><i class=\"fas fa-paper-plane\"><\/i><\/div><div class=\"w-iconbox-meta\"><h4 class=\"w-iconbox-title\">Send a Message or Call<\/h4><div class=\"w-iconbox-text\"><p>Send us an e-mail with your questions, thoughts and evaluations.<\/p>\n<p><a href=\"mailto:info@omerbayrak.com\"><strong>info@omerbayrak.com<\/strong><\/a><\/p>\n<p>Another quick way to get in touch is to call us or write to us on WhatsApp.<\/p>\n<p><strong><a href=\"https:\/\/wa.me\/+905469789247\" rel=\"nofollow noopener\" target=\"_blank\">+90 546 978 92 47<\/a><\/strong><\/p>\n<p><a href=\"https:\/\/wa.me\/+905469789248\" rel=\"nofollow noopener\" target=\"_blank\"><strong>+90 546 978 92 48<\/strong><\/a><\/p>\n<p><a href=\"https:\/\/wa.me\/+905469789251\" rel=\"nofollow noopener\" target=\"_blank\"><strong>+90 546 978 92 51<\/strong><\/a><\/p>\n<p>We conduct our interviews and surgeries at <strong>Medicalpark Bah\u00e7elievler<\/strong> Hospital.<\/p>\n<\/div><\/div><\/div><\/div><\/div><div class=\"wpb_column vc_column_container us_custom_153cb857 us_animate_this has_bg_color\"><div class=\"vc_column-inner\"><div class=\"w-iconbox iconpos_left style_default color_primary align_left\"><div class=\"w-iconbox-icon\" style=\"font-size:2rem;\"><i class=\"fas fa-map-marker-alt\"><\/i><\/div><div class=\"w-iconbox-meta\"><h4 class=\"w-iconbox-title\">Make an Appointment and Visit<\/h4><div class=\"w-iconbox-text\"><p>Contact our team of specialists and schedule an appointment.<br \/>\nAfter making an appointment, come to our hospital. <\/p>\n<p class=\"font_8 wixui-rich-text__text\"><strong><span class=\"wixui-rich-text__text\">Alt\u0131nba\u015f University Medicalpark Bah\u00e7elievler Hospital <\/span><\/strong><\/p>\n<p class=\"font_8 wixui-rich-text__text\"><span class=\"wixui-rich-text__text\">K\u00fclt\u00fcr Sokak No:1 Bah\u00e7elievler | <strong>Istanbul<\/strong><\/span><\/p>\n<\/div><\/div><\/div><div class=\"w-iconbox us_custom_ec1e580b iconpos_left style_default color_primary align_left\"><div class=\"w-iconbox-icon\" style=\"font-size:2rem;\"><i class=\"fas fa-clock\"><\/i><\/div><div class=\"w-iconbox-meta\"><h4 class=\"w-iconbox-title\">Working Hours<\/h4><div class=\"w-iconbox-text\"><p><strong>Weekdays<\/strong>: 08:30 &#8211; 17:30 <strong>Weekends<\/strong>: 08:30 &#8211; 15:30<\/p>\n<\/div><\/div><\/div><\/div><\/div><\/div><\/div><\/div><\/div><\/div><\/section><section class=\"l-section wpb_row height_small\"><div class=\"l-section-h i-cf\"><div class=\"g-cols vc_row via_grid cols_1 laptops-cols_inherit tablets-cols_inherit mobiles-cols_1 valign_top type_default stacking_default\"><div class=\"wpb_column vc_column_container\"><div class=\"vc_column-inner\"><div class=\"g-cols wpb_row via_grid cols_1 laptops-cols_inherit tablets-cols_inherit mobiles-cols_1 valign_top type_default stacking_default\" style=\"--columns-gap:3rem;\"><div class=\"wpb_column vc_column_container us_custom_e4a29d94 has_bg_color\"><div class=\"vc_column-inner\"><div class=\"wpb_text_column us_custom_60e9caca us_animate_this\"><div class=\"wpb_wrapper\"><h2 style=\"text-align: center;\">Follow on Social Networks<\/h2>\n<\/div><\/div><div class=\"w-socials us_custom_402d0671 color_link shape_circle style_default hover_fade\" style=\"--gap:0.1em;\"><div class=\"w-socials-list\"><div class=\"w-socials-item facebook\"><a target=\"_blank\" href=\"https:\/\/www.facebook.com\/dromerbayrak\" class=\"w-socials-item-link\" aria-label=\"Facebook\" rel=\"nofollow noopener\"><span class=\"w-socials-item-link-hover\"><\/span><i class=\"fab fa-facebook\"><\/i><\/a><div class=\"w-socials-item-popup\"><span>Facebook<\/span><\/div><\/div><div class=\"w-socials-item instagram\"><a target=\"_blank\" href=\"https:\/\/www.instagram.com\/docdromerbayrak\" class=\"w-socials-item-link\" aria-label=\"Instagram\" rel=\"nofollow noopener\"><span class=\"w-socials-item-link-hover\"><\/span><i class=\"fab fa-instagram\"><\/i><\/a><div class=\"w-socials-item-popup\"><span>Instagram<\/span><\/div><\/div><div class=\"w-socials-item tiktok\"><a target=\"_blank\" href=\"https:\/\/www.tiktok.com\/@docdromerbayrak\" class=\"w-socials-item-link\" aria-label=\"TikTok\" rel=\"nofollow noopener\"><span class=\"w-socials-item-link-hover\"><\/span><i class=\"fab fa-tiktok\"><\/i><\/a><div class=\"w-socials-item-popup\"><span>TikTok<\/span><\/div><\/div><div class=\"w-socials-item youtube\"><a target=\"_blank\" href=\"https:\/\/www.youtube.com\/channel\/UC1Lv20zqn82FwBDxakQJbLw\" class=\"w-socials-item-link\" aria-label=\"YouTube\" rel=\"nofollow noopener\"><span class=\"w-socials-item-link-hover\"><\/span><i class=\"fab fa-youtube\"><\/i><\/a><div class=\"w-socials-item-popup\"><span>YouTube<\/span><\/div><\/div><\/div><\/div><\/div><\/div><\/div><\/div><\/div><\/div><\/div><\/section><section class=\"l-section wpb_row us_custom_ef5849c2 height_small\"><div class=\"l-section-overlay\" style=\"background:rgba(255,255,255,0.50)\"><\/div><div class=\"l-section-h i-cf\"><div class=\"g-cols vc_row via_grid cols_1 laptops-cols_inherit tablets-cols_1 mobiles-cols_1 valign_middle type_default stacking_default\"><div class=\"wpb_column vc_column_container\"><div class=\"vc_column-inner\"><div class=\"g-cols wpb_row via_grid cols_2 laptops-cols_inherit tablets-cols_inherit mobiles-cols_1 valign_top type_default reversed\" style=\"--columns-gap:4.2vw;\"><div class=\"wpb_column vc_column_container\"><div class=\"vc_column-inner\"><div class=\"w-map provider_osm us_custom_5aee4cef us_animate_this\" id=\"us_map_1\"><div class=\"w-map-inner\"><div class=\"w-map-json\" onclick='return {&quot;address&quot;:&quot;40.995960, 28.863090&quot;,&quot;disableDragging&quot;:1,&quot;disableZoom&quot;:1,&quot;hideControls&quot;:0,&quot;zoom&quot;:15,&quot;markers&quot;:[{&quot;address&quot;:&quot;40.995960, 28.863090&quot;,&quot;html&quot;:&quot;&lt;h6&gt;Our hospital&lt;\\\/h6&gt;&lt;p&gt;Alt\\u0131nba\\u015f University Medicalpark Bah\\u00e7elievler Hospital&lt;\\\/p&gt;&quot;,&quot;infowindow&quot;:0}],&quot;style&quot;:&quot;http:\\\/\\\/sgx.geodatenzentrum.de\\\/wmts_topplus_open\\\/tile\\\/1.0.0\\\/web_grau\\\/default\\\/WEBMERCATOR\\\/{z}\\\/{y}\\\/{x}.png&quot;}'><\/div><\/div><\/div><\/div><\/div><div class=\"wpb_column vc_column_container\"><div class=\"vc_column-inner\"><form class=\"w-form  us-field-style_1 us_custom_60e9caca us_animate_this layout_ver show_message_after_sending for_cform us_form_1\" action=\"https:\/\/www.omerbayrak.com\/en\/wp-json\/wp\/v2\/pages\/1009\" method=\"post\"><div class=\"w-form-h\"><div class=\"w-form-row for_text required\">\r\n\t\t<div class=\"w-form-row-field\">\r\n\t\t\t\t\t\t<input aria-label=\"Full Name\" type=\"text\" name=\"us_form_1_text_1\" value placeholder=\"Full Name *\" data-required=\"true\" aria-required=\"true\"\/>\r\n\t\t\t<\/div>\r\n\t\t<div class=\"w-form-row-state\">Fill out this field<\/div>\r\n<\/div>\r\n<div class=\"w-form-row for_text required\">\r\n\t\t<div class=\"w-form-row-field\">\r\n\t\t\t\t\t\t<input aria-label=\"Tel Number\" inputmode=\"tel\" type=\"text\" name=\"us_form_1_text_2\" value placeholder=\"Tel Number *\" data-required=\"true\" aria-required=\"true\"\/>\r\n\t\t\t<\/div>\r\n\t\t<div class=\"w-form-row-state\">Fill out this field<\/div>\r\n<\/div>\r\n<div class=\"w-form-row for_email required\">\r\n\t\t<div class=\"w-form-row-field\">\r\n\t\t\t\t\t\t<input aria-label=\"Your email\" type=\"email\" name=\"us_form_1_email_1\" value placeholder=\"Your email *\" data-required=\"true\" aria-required=\"true\"\/>\r\n\t\t\t<\/div>\r\n\t\t<div class=\"w-form-row-state\">Please enter a valid email address.<\/div>\r\n<\/div>\r\n<div class=\"w-form-row for_textarea\">\r\n\t\t<div class=\"w-form-row-field\">\r\n\t\t\t\t\t\t<textarea aria-label=\"Text\" name=\"us_form_1_textarea_1\" placeholder=\"Text\"><\/textarea>\r\n\t\t\t<\/div>\r\n\t\t<div class=\"w-form-row-state\">Fill out this field<\/div>\r\n<\/div>\r\n<input type=\"hidden\" name=\"action\" value=\"us_ajax_cform\" \/>\r\n<input type=\"hidden\" name=\"post_id\" value=\"0\" \/>\r\n<input type=\"hidden\" name=\"form_index\" value=\"1\" \/>\r\n<div class=\"w-form-row for_submit align_none\">\r\n\t<button class=\"w-btn  us-btn-style_1\" aria-label=\"Submit\" type=\"submit\">\r\n\t\t<span class=\"g-preloader type_1\"><\/span>\r\n\t\t\t\t<span class=\"w-btn-label\">Submit<\/span>\r\n\t\t\t<\/button>\r\n\t<\/div>\r\n<\/div><div class=\"w-form-message\"><\/div><div class=\"w-form-json hidden\" onclick='return {&quot;ajaxurl&quot;:&quot;https:\\\/\\\/www.omerbayrak.com\\\/wp-admin\\\/admin-ajax.php&quot;,&quot;messages&quot;:{&quot;err_empty&quot;:&quot;Fill out this field&quot;,&quot;err_size&quot;:&quot;File size cannot exceed %s MB&quot;,&quot;err_extension&quot;:&quot;%s file type is not allowed&quot;,&quot;err_recaptcha_keys&quot;:&quot;reCAPTCHA keys are incorrect&quot;}}'><\/div><\/form><\/div><\/div><\/div><\/div><\/div><\/div><\/div><\/section>\n","protected":false},"excerpt":{"rendered":"Contact NowWe are here with our team to help you. How to Communicate Quickly You can write or call us to get in touch with our team of experts. Send a Message or CallSend us an e-mail with your questions, thoughts and evaluations. info@omerbayrak.com Another quick way to get in touch is to call us...","protected":false},"author":1,"featured_media":635,"parent":0,"menu_order":0,"comment_status":"closed","ping_status":"closed","template":"","meta":{"_acf_changed":false,"footnotes":""},"class_list":["post-1009","page","type-page","status-publish","has-post-thumbnail","hentry"],"acf":[],"_links":{"self":[{"href":"https:\/\/www.omerbayrak.com\/en\/wp-json\/wp\/v2\/pages\/1009","targetHints":{"allow":["GET"]}}],"collection":[{"href":"https:\/\/www.omerbayrak.com\/en\/wp-json\/wp\/v2\/pages"}],"about":[{"href":"https:\/\/www.omerbayrak.com\/en\/wp-json\/wp\/v2\/types\/page"}],"author":[{"embeddable":true,"href":"https:\/\/www.omerbayrak.com\/en\/wp-json\/wp\/v2\/users\/1"}],"replies":[{"embeddable":true,"href":"https:\/\/www.omerbayrak.com\/en\/wp-json\/wp\/v2\/comments?post=1009"}],"version-history":[{"count":18,"href":"https:\/\/www.omerbayrak.com\/en\/wp-json\/wp\/v2\/pages\/1009\/revisions"}],"predecessor-version":[{"id":1814,"href":"https:\/\/www.omerbayrak.com\/en\/wp-json\/wp\/v2\/pages\/1009\/revisions\/1814"}],"wp:featuredmedia":[{"embeddable":true,"href":"https:\/\/www.omerbayrak.com\/en\/wp-json\/wp\/v2\/media\/635"}],"wp:attachment":[{"href":"https:\/\/www.omerbayrak.com\/en\/wp-json\/wp\/v2\/media?parent=1009"}],"curies":[{"name":"wp","href":"https:\/\/api.w.org\/{rel}","templated":true}]}}