{"id":1382,"date":"2024-03-01T02:38:41","date_gmt":"2024-02-29T23:38:41","guid":{"rendered":"https:\/\/www.omerbayrak.com\/%d1%81%d0%b2%d1%8f%d0%b6%d0%b8%d1%82%d0%b5%d1%81%d1%8c-%d1%81\/"},"modified":"2024-11-13T14:40:47","modified_gmt":"2024-11-13T11:40:47","slug":"%d1%81%d0%b2%d1%8f%d0%b6%d0%b8%d1%82%d0%b5%d1%81%d1%8c-%d1%81","status":"publish","type":"page","link":"https:\/\/www.omerbayrak.com\/ru\/%d1%81%d0%b2%d1%8f%d0%b6%d0%b8%d1%82%d0%b5%d1%81%d1%8c-%d1%81\/","title":{"rendered":"\u0421\u0432\u044f\u0436\u0438\u0442\u0435\u0441\u044c \u0441"},"content":{"rendered":"<section class=\"l-section wpb_row height_small\"><div class=\"l-section-h i-cf\"><div class=\"g-cols vc_row via_grid cols_1 laptops-cols_inherit tablets-cols_inherit mobiles-cols_1 valign_top type_default stacking_default\"><div class=\"wpb_column vc_column_container\"><div class=\"vc_column-inner\"><div class=\"g-cols wpb_row via_grid cols_1 laptops-cols_inherit tablets-cols_inherit mobiles-cols_1 valign_top type_default stacking_default\" style=\"--columns-gap:3rem;\"><div class=\"wpb_column vc_column_container us_custom_01366a39 has_bg_color\"><div class=\"vc_column-overlay\" style=\"background:rgba(0,31,53,0.65)\"><\/div><div class=\"vc_column-inner\"><h1 class=\"w-text us_custom_1a9309be has_text_color us_animate_this\"><span class=\"w-text-h\"><span class=\"w-text-value\">\u0421\u0432\u044f\u0436\u0438\u0442\u0435\u0441\u044c \u0441\u0435\u0439\u0447\u0430\u0441<\/span><\/span><\/h1><p class=\"w-text us_custom_0ef2ee5d has_text_color us_animate_this\"><span class=\"w-text-h\"><span class=\"w-text-value\">\u041c\u044b \u0437\u0434\u0435\u0441\u044c, \u0441 \u043d\u0430\u0448\u0435\u0439 \u043a\u043e\u043c\u0430\u043d\u0434\u043e\u0439, \u0447\u0442\u043e\u0431\u044b \u043f\u043e\u043c\u043e\u0447\u044c \u0412\u0430\u043c.<\/span><\/span><\/p><\/div><\/div><\/div><\/div><\/div><\/div><\/div><\/section><section class=\"l-section wpb_row us_custom_c70c97eb height_medium with_shape\"><div class=\"l-section-shape type_custom pos_bottom\" style=\"height:25vmin;\"><svg xmlns=\"http:\/\/www.w3.org\/2000\/svg\" viewBox=\"0 0 64 8\" preserveAspectRatio=\"none\" width=\"100%\" height=\"100%\">\r\n\t<path fill=\"currentColor\" d=\"M64 8 L0 8 L0 0 L64 0 Z\"\/>\r\n<\/svg><\/div><div class=\"l-section-h i-cf\"><div class=\"g-cols vc_row via_grid cols_1 laptops-cols_inherit tablets-cols_inherit mobiles-cols_1 valign_top type_default stacking_default\"><div class=\"wpb_column vc_column_container\"><div class=\"vc_column-inner\"><div class=\"wpb_text_column us_custom_60e9caca us_animate_this\"><div class=\"wpb_wrapper\"><h2 style=\"text-align: center;\">\u0421\u043f\u043e\u0441\u043e\u0431\u044b \u0431\u044b\u0441\u0442\u0440\u043e\u0433\u043e \u043e\u0431\u0449\u0435\u043d\u0438\u044f<\/h2>\n<p style=\"text-align: center;\">\u0412\u044b \u043c\u043e\u0436\u0435\u0442\u0435 \u043d\u0430\u043f\u0438\u0441\u0430\u0442\u044c \u0438\u043b\u0438 \u043f\u043e\u0437\u0432\u043e\u043d\u0438\u0442\u044c \u043d\u0430\u043c, \u0447\u0442\u043e\u0431\u044b \u0441\u0432\u044f\u0437\u0430\u0442\u044c\u0441\u044f \u0441 \u043d\u0430\u0448\u0435\u0439 \u043a\u043e\u043c\u0430\u043d\u0434\u043e\u0439 \u044d\u043a\u0441\u043f\u0435\u0440\u0442\u043e\u0432.<\/p>\n<\/div><\/div><div class=\"w-separator size_medium\"><\/div><div class=\"g-cols wpb_row via_grid cols_2 laptops-cols_inherit tablets-cols_inherit mobiles-cols_1 valign_top type_default stacking_default\" style=\"--columns-gap:3rem;\"><div class=\"wpb_column vc_column_container us_custom_153cb857 us_animate_this has_bg_color\"><div class=\"vc_column-inner\"><div class=\"w-iconbox iconpos_left style_default color_primary align_left\"><div class=\"w-iconbox-icon\" style=\"font-size:2rem;\"><i class=\"fas fa-paper-plane\"><\/i><\/div><div class=\"w-iconbox-meta\"><h4 class=\"w-iconbox-title\">\u041e\u0442\u043f\u0440\u0430\u0432\u044c\u0442\u0435 \u0441\u043e\u043e\u0431\u0449\u0435\u043d\u0438\u0435 \u0438\u043b\u0438 \u043f\u043e\u0437\u0432\u043e\u043d\u0438\u0442\u0435<\/h4><div class=\"w-iconbox-text\"><p>\u041e\u0442\u043f\u0440\u0430\u0432\u044c\u0442\u0435 \u043d\u0430\u043c \u043f\u0438\u0441\u044c\u043c\u043e \u0441 \u0432\u0430\u0448\u0438\u043c\u0438 \u0432\u043e\u043f\u0440\u043e\u0441\u0430\u043c\u0438, \u043c\u044b\u0441\u043b\u044f\u043c\u0438 \u0438 \u043e\u0446\u0435\u043d\u043a\u0430\u043c\u0438.<\/p>\n<p><a href=\"mailto:info@omerbayrak.com\"><strong>info@omerbayrak.com<\/strong><\/a><\/p>\n<p>\u0415\u0449\u0435 \u043e\u0434\u0438\u043d \u0441\u043f\u043e\u0441\u043e\u0431 \u0431\u044b\u0441\u0442\u0440\u043e \u0441\u0432\u044f\u0437\u0430\u0442\u044c\u0441\u044f \u0441 \u043d\u0430\u043c\u0438 &#8212; \u043f\u043e\u0437\u0432\u043e\u043d\u0438\u0442\u044c \u0438\u043b\u0438 \u043d\u0430\u043f\u0438\u0441\u0430\u0442\u044c \u043d\u0430\u043c \u043d\u0430 WhatsApp.<\/p>\n<p><a href=\"https:\/\/wa.me\/+905469789247\" target=\"_blank\" rel=\"noopener nofollow\"><strong>+90 546 978 92 <\/strong><strong>47<\/strong><\/a><\/p>\n<p><a href=\"https:\/\/wa.me\/+905469789248\" rel=\"nofollow noopener\" target=\"_blank\"><strong>+90 546 978 92 48<\/strong><\/a><\/p>\n<p><a href=\"https:\/\/wa.me\/+905469789251\" rel=\"nofollow noopener\" target=\"_blank\"><strong>+90 546 978 92 51<\/strong><\/a><\/p>\n<p>\u041c\u044b \u043f\u0440\u043e\u0432\u043e\u0434\u0438\u043c \u043d\u0430\u0448\u0438 \u0441\u043e\u0431\u0435\u0441\u0435\u0434\u043e\u0432\u0430\u043d\u0438\u044f \u0438 \u043e\u043f\u0435\u0440\u0430\u0446\u0438\u0438 \u0432 \u0431\u043e\u043b\u044c\u043d\u0438\u0446\u0435 <strong>Medicalpark Bah\u00e7elievler<\/strong>.<\/p>\n<\/div><\/div><\/div><\/div><\/div><div class=\"wpb_column vc_column_container us_custom_153cb857 us_animate_this has_bg_color\"><div class=\"vc_column-inner\"><div class=\"w-iconbox iconpos_left style_default color_primary align_left\"><div class=\"w-iconbox-icon\" style=\"font-size:2rem;\"><i class=\"fas fa-map-marker-alt\"><\/i><\/div><div class=\"w-iconbox-meta\"><h4 class=\"w-iconbox-title\">\u0417\u0430\u043f\u0438\u0448\u0438\u0442\u0435\u0441\u044c \u043d\u0430 \u043f\u0440\u0438\u0435\u043c \u0438 \u043f\u043e\u0441\u0435\u0442\u0438\u0442\u0435<\/h4><div class=\"w-iconbox-text\"><p>\u0421\u0432\u044f\u0436\u0438\u0442\u0435\u0441\u044c \u0441 \u043d\u0430\u0448\u0435\u0439 \u043a\u043e\u043c\u0430\u043d\u0434\u043e\u0439 \u0441\u043f\u0435\u0446\u0438\u0430\u043b\u0438\u0441\u0442\u043e\u0432 \u0438 \u0434\u043e\u0433\u043e\u0432\u043e\u0440\u0438\u0442\u0435\u0441\u044c \u043e \u0432\u0441\u0442\u0440\u0435\u0447\u0435. \u0417\u0430\u043f\u0438\u0441\u0430\u0432\u0448\u0438\u0441\u044c \u043d\u0430 \u043f\u0440\u0438\u0435\u043c, \u043f\u0440\u0438\u0445\u043e\u0434\u0438\u0442\u0435 \u0432 \u043d\u0430\u0448\u0443 \u0431\u043e\u043b\u044c\u043d\u0438\u0446\u0443.<\/p>\n<p class=\"font_8 wixui-rich-text__text\"><strong><span class=\"wixui-rich-text__text\">\u0411\u043e\u043b\u044c\u043d\u0438\u0446\u0430 \u0411\u0430\u0445\u0447\u0435\u043b\u0438\u0435\u0432\u043b\u0435\u0440 \u043f\u0440\u0438 \u0443\u043d\u0438\u0432\u0435\u0440\u0441\u0438\u0442\u0435\u0442\u0435 \u0410\u043b\u0442\u044b\u043d\u0431\u0430\u0448 (Alt\u0131nba\u015f University Medicalpark Bah\u00e7elievler) <\/span><\/strong><\/p>\n<p class=\"font_8 wixui-rich-text__text\"><span class=\"wixui-rich-text__text\">K\u00fclt\u00fcr Sokak No:1 Bahcelievler | <strong>\u0421\u0442\u0430\u043c\u0431\u0443\u043b<\/strong><\/span><\/p>\n<\/div><\/div><\/div><div class=\"w-iconbox us_custom_ec1e580b iconpos_left style_default color_primary align_left\"><div class=\"w-iconbox-icon\" style=\"font-size:2rem;\"><i class=\"fas fa-clock\"><\/i><\/div><div class=\"w-iconbox-meta\"><h4 class=\"w-iconbox-title\">\u0420\u0430\u0431\u043e\u0447\u0438\u0435 \u0447\u0430\u0441\u044b<\/h4><div class=\"w-iconbox-text\"><p><strong>\u0411\u0443\u0434\u043d\u0438<\/strong>: 08:30 &#8212; 17:30 <br \/><strong>\u0412\u044b\u0445\u043e\u0434\u043d\u044b\u0435<\/strong>: 08:30 &#8212; 15:30<\/p>\n<\/div><\/div><\/div><\/div><\/div><\/div><\/div><\/div><\/div><\/div><\/section><section class=\"l-section wpb_row height_small\"><div class=\"l-section-h i-cf\"><div class=\"g-cols vc_row via_grid cols_1 laptops-cols_inherit tablets-cols_inherit mobiles-cols_1 valign_top type_default stacking_default\"><div class=\"wpb_column vc_column_container\"><div class=\"vc_column-inner\"><div class=\"g-cols wpb_row via_grid cols_1 laptops-cols_inherit tablets-cols_inherit mobiles-cols_1 valign_top type_default stacking_default\" style=\"--columns-gap:3rem;\"><div class=\"wpb_column vc_column_container us_custom_e4a29d94 has_bg_color\"><div class=\"vc_column-inner\"><div class=\"wpb_text_column us_custom_60e9caca us_animate_this\"><div class=\"wpb_wrapper\"><h2 style=\"text-align: center;\">\u0421\u043b\u0435\u0434\u0443\u0439\u0442\u0435 \u0432 \u0441\u043e\u0446\u0438\u0430\u043b\u044c\u043d\u044b\u0445 \u0441\u0435\u0442\u044f\u0445<\/h2>\n<\/div><\/div><div class=\"w-socials us_custom_402d0671 color_link shape_circle style_default hover_fade\" style=\"--gap:0.1em;\"><div class=\"w-socials-list\"><div class=\"w-socials-item facebook\"><a target=\"_blank\" href=\"https:\/\/www.facebook.com\/dromerbayrak\" class=\"w-socials-item-link\" aria-label=\"Facebook\" rel=\"nofollow noopener\"><span class=\"w-socials-item-link-hover\"><\/span><i class=\"fab fa-facebook\"><\/i><\/a><div class=\"w-socials-item-popup\"><span>Facebook<\/span><\/div><\/div><div class=\"w-socials-item instagram\"><a target=\"_blank\" href=\"https:\/\/www.instagram.com\/docdromerbayrak\" class=\"w-socials-item-link\" aria-label=\"Instagram\" rel=\"nofollow noopener\"><span class=\"w-socials-item-link-hover\"><\/span><i class=\"fab fa-instagram\"><\/i><\/a><div class=\"w-socials-item-popup\"><span>Instagram<\/span><\/div><\/div><div class=\"w-socials-item tiktok\"><a target=\"_blank\" href=\"https:\/\/www.tiktok.com\/@docdromerbayrak\" class=\"w-socials-item-link\" aria-label=\"TikTok\" rel=\"nofollow noopener\"><span class=\"w-socials-item-link-hover\"><\/span><i class=\"fab fa-tiktok\"><\/i><\/a><div class=\"w-socials-item-popup\"><span>TikTok<\/span><\/div><\/div><div class=\"w-socials-item youtube\"><a target=\"_blank\" href=\"https:\/\/www.youtube.com\/channel\/UC1Lv20zqn82FwBDxakQJbLw\" class=\"w-socials-item-link\" aria-label=\"YouTube\" rel=\"nofollow noopener\"><span class=\"w-socials-item-link-hover\"><\/span><i class=\"fab fa-youtube\"><\/i><\/a><div class=\"w-socials-item-popup\"><span>YouTube<\/span><\/div><\/div><\/div><\/div><\/div><\/div><\/div><\/div><\/div><\/div><\/div><\/section><section class=\"l-section wpb_row us_custom_ef5849c2 height_small\"><div class=\"l-section-overlay\" style=\"background:rgba(255,255,255,0.50)\"><\/div><div class=\"l-section-h i-cf\"><div class=\"g-cols vc_row via_grid cols_1 laptops-cols_inherit tablets-cols_1 mobiles-cols_1 valign_middle type_default stacking_default\"><div class=\"wpb_column vc_column_container\"><div class=\"vc_column-inner\"><div class=\"g-cols wpb_row via_grid cols_2 laptops-cols_inherit tablets-cols_inherit mobiles-cols_1 valign_top type_default reversed\" style=\"--columns-gap:4.2vw;\"><div class=\"wpb_column vc_column_container\"><div class=\"vc_column-inner\"><div class=\"w-map provider_osm us_custom_5aee4cef us_animate_this\" id=\"us_map_1\"><div class=\"w-map-inner\"><div class=\"w-map-json\" onclick='return {&quot;address&quot;:&quot;40.995960, 28.863090&quot;,&quot;disableDragging&quot;:1,&quot;disableZoom&quot;:1,&quot;hideControls&quot;:0,&quot;zoom&quot;:15,&quot;markers&quot;:[{&quot;address&quot;:&quot;40.995960, 28.863090&quot;,&quot;html&quot;:&quot;&lt;h6&gt;\\u041d\\u0430\\u0448\\u0430 \\u0431\\u043e\\u043b\\u044c\\u043d\\u0438\\u0446\\u0430&lt;\\\/h6&gt;&lt;p&gt;\\u0411\\u043e\\u043b\\u044c\\u043d\\u0438\\u0446\\u0430 \\u0411\\u0430\\u0445\\u0447\\u0435\\u043b\\u0438\\u0435\\u0432\\u043b\\u0435\\u0440 \\u043f\\u0440\\u0438 \\u0443\\u043d\\u0438\\u0432\\u0435\\u0440\\u0441\\u0438\\u0442\\u0435\\u0442\\u0435 \\u0410\\u043b\\u0442\\u044b\\u043d\\u0431\\u0430\\u0448 (Alt\\u0131nba\\u015f University Medicalpark Bah\\u00e7elievler)&lt;\\\/p&gt;&quot;,&quot;infowindow&quot;:0}],&quot;style&quot;:&quot;http:\\\/\\\/sgx.geodatenzentrum.de\\\/wmts_topplus_open\\\/tile\\\/1.0.0\\\/web_grau\\\/default\\\/WEBMERCATOR\\\/{z}\\\/{y}\\\/{x}.png&quot;}'><\/div><\/div><\/div><\/div><\/div><div class=\"wpb_column vc_column_container\"><div class=\"vc_column-inner\"><form class=\"w-form  us-field-style_1 us_custom_60e9caca us_animate_this layout_ver show_message_after_sending for_cform us_form_1\" action=\"https:\/\/www.omerbayrak.com\/ru\/wp-json\/wp\/v2\/pages\/1382\" method=\"post\"><div class=\"w-form-h\"><div class=\"w-form-row for_text required\">\r\n\t\t<div class=\"w-form-row-field\">\r\n\t\t\t\t\t\t<input aria-label=\"\u041f\u043e\u043b\u043d\u043e\u0435 \u0438\u043c\u044f\" type=\"text\" name=\"us_form_1_text_1\" value placeholder=\"\u041f\u043e\u043b\u043d\u043e\u0435 \u0438\u043c\u044f *\" data-required=\"true\" aria-required=\"true\"\/>\r\n\t\t\t<\/div>\r\n\t\t<div class=\"w-form-row-state\">\u0417\u0430\u043f\u043e\u043b\u043d\u0438\u0442\u0435 \u043f\u043e\u043b\u0435<\/div>\r\n<\/div>\r\n<div class=\"w-form-row for_text required\">\r\n\t\t<div class=\"w-form-row-field\">\r\n\t\t\t\t\t\t<input aria-label=\"\u0412\u0430\u0448 \u043d\u043e\u043c\u0435\u0440 \u0442\u0435\u043b\u0435\u0444\u043e\u043d\u0430\" inputmode=\"tel\" type=\"text\" name=\"us_form_1_text_2\" value placeholder=\"\u0412\u0430\u0448 \u043d\u043e\u043c\u0435\u0440 \u0442\u0435\u043b\u0435\u0444\u043e\u043d\u0430 *\" data-required=\"true\" aria-required=\"true\"\/>\r\n\t\t\t<\/div>\r\n\t\t<div class=\"w-form-row-state\">\u0417\u0430\u043f\u043e\u043b\u043d\u0438\u0442\u0435 \u043f\u043e\u043b\u0435<\/div>\r\n<\/div>\r\n<div class=\"w-form-row for_email required\">\r\n\t\t<div class=\"w-form-row-field\">\r\n\t\t\t\t\t\t<input aria-label=\"\u0412\u0430\u0448 e-mail\" type=\"email\" name=\"us_form_1_email_1\" value placeholder=\"\u0412\u0430\u0448 e-mail *\" data-required=\"true\" aria-required=\"true\"\/>\r\n\t\t\t<\/div>\r\n\t\t<div class=\"w-form-row-state\">\u041f\u043e\u0436\u0430\u043b\u0443\u0439\u0441\u0442\u0430, \u0432\u0432\u0435\u0434\u0438\u0442\u0435 \u043a\u043e\u0440\u0440\u0435\u043a\u0442\u043d\u044b\u0439 \u0430\u0434\u0440\u0435\u0441 email.<\/div>\r\n<\/div>\r\n<div class=\"w-form-row for_textarea\">\r\n\t\t<div class=\"w-form-row-field\">\r\n\t\t\t\t\t\t<textarea aria-label=\"\u0422\u0435\u043a\u0441\u0442\" name=\"us_form_1_textarea_1\" placeholder=\"\u0422\u0435\u043a\u0441\u0442\"><\/textarea>\r\n\t\t\t<\/div>\r\n\t\t<div class=\"w-form-row-state\">\u0417\u0430\u043f\u043e\u043b\u043d\u0438\u0442\u0435 \u043f\u043e\u043b\u0435<\/div>\r\n<\/div>\r\n<input type=\"hidden\" name=\"action\" value=\"us_ajax_cform\" \/>\r\n<input type=\"hidden\" name=\"post_id\" value=\"0\" \/>\r\n<input type=\"hidden\" name=\"form_index\" value=\"1\" \/>\r\n<div class=\"w-form-row for_submit align_none\">\r\n\t<button class=\"w-btn  us-btn-style_1\" aria-label=\"\u041e\u0442\u043f\u0440\u0430\u0432\u0438\u0442\u044c\" type=\"submit\">\r\n\t\t<span class=\"g-preloader type_1\"><\/span>\r\n\t\t\t\t<span class=\"w-btn-label\">\u041e\u0442\u043f\u0440\u0430\u0432\u0438\u0442\u044c<\/span>\r\n\t\t\t<\/button>\r\n\t<\/div>\r\n<\/div><div class=\"w-form-message\"><\/div><div class=\"w-form-json hidden\" onclick='return {&quot;ajaxurl&quot;:&quot;https:\\\/\\\/www.omerbayrak.com\\\/wp-admin\\\/admin-ajax.php&quot;,&quot;messages&quot;:{&quot;err_empty&quot;:&quot;\\u0417\\u0430\\u043f\\u043e\\u043b\\u043d\\u0438\\u0442\\u0435 \\u043f\\u043e\\u043b\\u0435&quot;,&quot;err_size&quot;:&quot;\\u0420\\u0430\\u0437\\u043c\\u0435\\u0440 \\u0444\\u0430\\u0439\\u043b\\u0430 \\u043d\\u0435 \\u043c\\u043e\\u0436\\u0435\\u0442 \\u043f\\u0440\\u0435\\u0432\\u044b\\u0448\\u0430\\u0442\\u044c %s \\u041c\\u0411&quot;,&quot;err_extension&quot;:&quot;%s \\u043d\\u0435\\u0434\\u043e\\u043f\\u0443\\u0441\\u0442\\u0438\\u043c\\u044b\\u0439 \\u0442\\u0438\\u043f \\u0444\\u0430\\u0439\\u043b\\u0430&quot;,&quot;err_recaptcha_keys&quot;:&quot;\\u041d\\u0435\\u043a\\u043e\\u0440\\u0440\\u0435\\u043a\\u0442\\u043d\\u044b\\u0435 \\u043a\\u043b\\u044e\\u0447\\u0438 reCAPTCHA&quot;}}'><\/div><\/form><\/div><\/div><\/div><\/div><\/div><\/div><\/div><\/section>\n","protected":false},"excerpt":{"rendered":"\u0421\u0432\u044f\u0436\u0438\u0442\u0435\u0441\u044c \u0441\u0435\u0439\u0447\u0430\u0441\u041c\u044b \u0437\u0434\u0435\u0441\u044c, \u0441 \u043d\u0430\u0448\u0435\u0439 \u043a\u043e\u043c\u0430\u043d\u0434\u043e\u0439, \u0447\u0442\u043e\u0431\u044b \u043f\u043e\u043c\u043e\u0447\u044c \u0412\u0430\u043c. \u0421\u043f\u043e\u0441\u043e\u0431\u044b \u0431\u044b\u0441\u0442\u0440\u043e\u0433\u043e \u043e\u0431\u0449\u0435\u043d\u0438\u044f \u0412\u044b \u043c\u043e\u0436\u0435\u0442\u0435 \u043d\u0430\u043f\u0438\u0441\u0430\u0442\u044c \u0438\u043b\u0438 \u043f\u043e\u0437\u0432\u043e\u043d\u0438\u0442\u044c \u043d\u0430\u043c, \u0447\u0442\u043e\u0431\u044b \u0441\u0432\u044f\u0437\u0430\u0442\u044c\u0441\u044f \u0441 \u043d\u0430\u0448\u0435\u0439 \u043a\u043e\u043c\u0430\u043d\u0434\u043e\u0439 \u044d\u043a\u0441\u043f\u0435\u0440\u0442\u043e\u0432. \u041e\u0442\u043f\u0440\u0430\u0432\u044c\u0442\u0435 \u0441\u043e\u043e\u0431\u0449\u0435\u043d\u0438\u0435 \u0438\u043b\u0438 \u043f\u043e\u0437\u0432\u043e\u043d\u0438\u0442\u0435\u041e\u0442\u043f\u0440\u0430\u0432\u044c\u0442\u0435 \u043d\u0430\u043c \u043f\u0438\u0441\u044c\u043c\u043e \u0441 \u0432\u0430\u0448\u0438\u043c\u0438 \u0432\u043e\u043f\u0440\u043e\u0441\u0430\u043c\u0438, \u043c\u044b\u0441\u043b\u044f\u043c\u0438 \u0438 \u043e\u0446\u0435\u043d\u043a\u0430\u043c\u0438. info@omerbayrak.com \u0415\u0449\u0435 \u043e\u0434\u0438\u043d \u0441\u043f\u043e\u0441\u043e\u0431 \u0431\u044b\u0441\u0442\u0440\u043e \u0441\u0432\u044f\u0437\u0430\u0442\u044c\u0441\u044f \u0441 \u043d\u0430\u043c\u0438 - \u043f\u043e\u0437\u0432\u043e\u043d\u0438\u0442\u044c \u0438\u043b\u0438 \u043d\u0430\u043f\u0438\u0441\u0430\u0442\u044c \u043d\u0430\u043c \u043d\u0430 WhatsApp. +90 546 978 92...","protected":false},"author":1,"featured_media":636,"parent":0,"menu_order":0,"comment_status":"closed","ping_status":"closed","template":"","meta":{"_acf_changed":false,"footnotes":""},"class_list":["post-1382","page","type-page","status-publish","has-post-thumbnail","hentry"],"acf":[],"_links":{"self":[{"href":"https:\/\/www.omerbayrak.com\/ru\/wp-json\/wp\/v2\/pages\/1382","targetHints":{"allow":["GET"]}}],"collection":[{"href":"https:\/\/www.omerbayrak.com\/ru\/wp-json\/wp\/v2\/pages"}],"about":[{"href":"https:\/\/www.omerbayrak.com\/ru\/wp-json\/wp\/v2\/types\/page"}],"author":[{"embeddable":true,"href":"https:\/\/www.omerbayrak.com\/ru\/wp-json\/wp\/v2\/users\/1"}],"replies":[{"embeddable":true,"href":"https:\/\/www.omerbayrak.com\/ru\/wp-json\/wp\/v2\/comments?post=1382"}],"version-history":[{"count":9,"href":"https:\/\/www.omerbayrak.com\/ru\/wp-json\/wp\/v2\/pages\/1382\/revisions"}],"predecessor-version":[{"id":1816,"href":"https:\/\/www.omerbayrak.com\/ru\/wp-json\/wp\/v2\/pages\/1382\/revisions\/1816"}],"wp:featuredmedia":[{"embeddable":true,"href":"https:\/\/www.omerbayrak.com\/ru\/wp-json\/wp\/v2\/media\/636"}],"wp:attachment":[{"href":"https:\/\/www.omerbayrak.com\/ru\/wp-json\/wp\/v2\/media?parent=1382"}],"curies":[{"name":"wp","href":"https:\/\/api.w.org\/{rel}","templated":true}]}}